{"id":30,"date":"2019-06-17T15:38:13","date_gmt":"2019-06-17T08:38:13","guid":{"rendered":"https:\/\/ghevanphong.khowebseotop.vn\/gio-hang\/"},"modified":"2019-06-17T15:38:13","modified_gmt":"2019-06-17T08:38:13","slug":"gio-hang","status":"publish","type":"page","link":"https:\/\/webpkbida.vidoweb.vn\/?page_id=30","title":{"rendered":"Gi\u1ecf h\u00e0ng"},"content":{"rendered":"<div class=\"woocommerce\"><div class=\"text-center pt pb\">\n\t<div class=\"woocommerce-notices-wrapper\"><\/div><div class=\"wc-empty-cart-message\">\n\t<div class=\"woocommerce-info message-wrapper\">\n\t\t<div class=\"message-container container medium-text-center\">\n\t\t\tCh\u01b0a c\u00f3 s\u1ea3n ph\u1ea9m n\u00e0o trong gi\u1ecf h\u00e0ng.\t\t<\/div>\n\t<\/div>\n<\/div>\t\t<p class=\"return-to-shop\">\n\t\t\t<a class=\"button primary wc-backward\" href=\"https:\/\/webpkbida.vidoweb.vn\">\n\t\t\t\tQuay tr\u1edf l\u1ea1i c\u1eeda h\u00e0ng\t\t\t<\/a>\n\t\t<\/p>\n\t<\/div>\n<\/div>\n","protected":false},"excerpt":{"rendered":"","protected":false},"author":1,"featured_media":0,"parent":0,"menu_order":0,"comment_status":"closed","ping_status":"closed","template":"","meta":{"footnotes":""},"class_list":["post-30","page","type-page","status-publish","hentry"],"yoast_head":"<!-- This site is optimized with the Yoast SEO plugin v25.7 - https:\/\/yoast.com\/wordpress\/plugins\/seo\/ -->\n<title>Gi\u1ecf h\u00e0ng - Bida Tr\u1ea7n Ch\u00e2n<\/title>\n<meta name=\"robots\" content=\"noindex, follow, max-snippet:-1, max-image-preview:large, max-video-preview:-1\" \/>\n<meta property=\"og:locale\" content=\"vi_VN\" \/>\n<meta property=\"og:type\" content=\"article\" \/>\n<meta property=\"og:title\" content=\"Gi\u1ecf h\u00e0ng - Bida Tr\u1ea7n Ch\u00e2n\" \/>\n<meta property=\"og:url\" content=\"https:\/\/webpkbida.vidoweb.vn\/?page_id=30\" \/>\n<meta property=\"og:site_name\" content=\"Bida Tr\u1ea7n Ch\u00e2n\" \/>\n<meta property=\"article:publisher\" content=\"https:\/\/www.facebook.com\/phukienbidaTranChan\/\" \/>\n<meta name=\"twitter:card\" content=\"summary_large_image\" \/>\n<script type=\"application\/ld+json\" class=\"yoast-schema-graph\">{\"@context\":\"https:\/\/schema.org\",\"@graph\":[{\"@type\":\"WebPage\",\"@id\":\"https:\/\/webpkbida.vidoweb.vn\/?page_id=30\",\"url\":\"https:\/\/webpkbida.vidoweb.vn\/?page_id=30\",\"name\":\"Gi\u1ecf h\u00e0ng - Bida Tr\u1ea7n Ch\u00e2n\",\"isPartOf\":{\"@id\":\"https:\/\/webpkbida.vidoweb.vn\/#website\"},\"datePublished\":\"2019-06-17T08:38:13+00:00\",\"breadcrumb\":{\"@id\":\"https:\/\/webpkbida.vidoweb.vn\/?page_id=30#breadcrumb\"},\"inLanguage\":\"vi\",\"potentialAction\":[{\"@type\":\"ReadAction\",\"target\":[\"https:\/\/webpkbida.vidoweb.vn\/?page_id=30\"]}]},{\"@type\":\"BreadcrumbList\",\"@id\":\"https:\/\/webpkbida.vidoweb.vn\/?page_id=30#breadcrumb\",\"itemListElement\":[{\"@type\":\"ListItem\",\"position\":1,\"name\":\"Trang ch\u1ee7\",\"item\":\"https:\/\/webpkbida.vidoweb.vn\/\"},{\"@type\":\"ListItem\",\"position\":2,\"name\":\"Gi\u1ecf h\u00e0ng\"}]},{\"@type\":\"WebSite\",\"@id\":\"https:\/\/webpkbida.vidoweb.vn\/#website\",\"url\":\"https:\/\/webpkbida.vidoweb.vn\/\",\"name\":\"Bida Tr\u1ea7n Ch\u00e2n\",\"description\":\"Chuy\u00ean Mua B\u00e1n Ph\u1ee5 Ki\u1ec7n Bida Ch\u1ea5t L\u01b0\u1ee3ng\",\"potentialAction\":[{\"@type\":\"SearchAction\",\"target\":{\"@type\":\"EntryPoint\",\"urlTemplate\":\"https:\/\/webpkbida.vidoweb.vn\/?s={search_term_string}\"},\"query-input\":{\"@type\":\"PropertyValueSpecification\",\"valueRequired\":true,\"valueName\":\"search_term_string\"}}],\"inLanguage\":\"vi\"}]}<\/script>\n<!-- \/ Yoast SEO plugin. -->","yoast_head_json":{"title":"Gi\u1ecf h\u00e0ng - Bida Tr\u1ea7n Ch\u00e2n","robots":{"index":"noindex","follow":"follow","max-snippet":"max-snippet:-1","max-image-preview":"max-image-preview:large","max-video-preview":"max-video-preview:-1"},"og_locale":"vi_VN","og_type":"article","og_title":"Gi\u1ecf h\u00e0ng - Bida Tr\u1ea7n Ch\u00e2n","og_url":"https:\/\/webpkbida.vidoweb.vn\/?page_id=30","og_site_name":"Bida Tr\u1ea7n Ch\u00e2n","article_publisher":"https:\/\/www.facebook.com\/phukienbidaTranChan\/","twitter_card":"summary_large_image","schema":{"@context":"https:\/\/schema.org","@graph":[{"@type":"WebPage","@id":"https:\/\/webpkbida.vidoweb.vn\/?page_id=30","url":"https:\/\/webpkbida.vidoweb.vn\/?page_id=30","name":"Gi\u1ecf h\u00e0ng - Bida Tr\u1ea7n Ch\u00e2n","isPartOf":{"@id":"https:\/\/webpkbida.vidoweb.vn\/#website"},"datePublished":"2019-06-17T08:38:13+00:00","breadcrumb":{"@id":"https:\/\/webpkbida.vidoweb.vn\/?page_id=30#breadcrumb"},"inLanguage":"vi","potentialAction":[{"@type":"ReadAction","target":["https:\/\/webpkbida.vidoweb.vn\/?page_id=30"]}]},{"@type":"BreadcrumbList","@id":"https:\/\/webpkbida.vidoweb.vn\/?page_id=30#breadcrumb","itemListElement":[{"@type":"ListItem","position":1,"name":"Trang ch\u1ee7","item":"https:\/\/webpkbida.vidoweb.vn\/"},{"@type":"ListItem","position":2,"name":"Gi\u1ecf h\u00e0ng"}]},{"@type":"WebSite","@id":"https:\/\/webpkbida.vidoweb.vn\/#website","url":"https:\/\/webpkbida.vidoweb.vn\/","name":"Bida Tr\u1ea7n Ch\u00e2n","description":"Chuy\u00ean Mua B\u00e1n Ph\u1ee5 Ki\u1ec7n Bida Ch\u1ea5t L\u01b0\u1ee3ng","potentialAction":[{"@type":"SearchAction","target":{"@type":"EntryPoint","urlTemplate":"https:\/\/webpkbida.vidoweb.vn\/?s={search_term_string}"},"query-input":{"@type":"PropertyValueSpecification","valueRequired":true,"valueName":"search_term_string"}}],"inLanguage":"vi"}]}},"_links":{"self":[{"href":"https:\/\/webpkbida.vidoweb.vn\/index.php?rest_route=\/wp\/v2\/pages\/30","targetHints":{"allow":["GET"]}}],"collection":[{"href":"https:\/\/webpkbida.vidoweb.vn\/index.php?rest_route=\/wp\/v2\/pages"}],"about":[{"href":"https:\/\/webpkbida.vidoweb.vn\/index.php?rest_route=\/wp\/v2\/types\/page"}],"author":[{"embeddable":true,"href":"https:\/\/webpkbida.vidoweb.vn\/index.php?rest_route=\/wp\/v2\/users\/1"}],"replies":[{"embeddable":true,"href":"https:\/\/webpkbida.vidoweb.vn\/index.php?rest_route=%2Fwp%2Fv2%2Fcomments&post=30"}],"version-history":[{"count":0,"href":"https:\/\/webpkbida.vidoweb.vn\/index.php?rest_route=\/wp\/v2\/pages\/30\/revisions"}],"wp:attachment":[{"href":"https:\/\/webpkbida.vidoweb.vn\/index.php?rest_route=%2Fwp%2Fv2%2Fmedia&parent=30"}],"curies":[{"name":"wp","href":"https:\/\/api.w.org\/{rel}","templated":true}]}}