{"id":32,"date":"2019-06-17T15:38:13","date_gmt":"2019-06-17T08:38:13","guid":{"rendered":"https:\/\/ghevanphong.khowebseotop.vn\/tai-khoan\/"},"modified":"2019-06-17T15:38:13","modified_gmt":"2019-06-17T08:38:13","slug":"tai-khoan","status":"publish","type":"page","link":"https:\/\/webpkbida.vidoweb.vn\/?page_id=32","title":{"rendered":"T\u00e0i kho\u1ea3n"},"content":{"rendered":"<div class=\"woocommerce\"><div class=\"woocommerce-notices-wrapper\"><\/div>\n<div class=\"account-container lightbox-inner\">\n\n\t\n\t\t\t<div class=\"account-login-inner\">\n\n\t\t\t\t<h3 class=\"uppercase\">\u0110\u0103ng nh\u1eadp<\/h3>\n\n\t\t\t\t<form class=\"woocommerce-form woocommerce-form-login login\" method=\"post\">\n\n\t\t\t\t\t\n\t\t\t\t\t<p class=\"woocommerce-form-row woocommerce-form-row--wide form-row form-row-wide\">\n\t\t\t\t\t\t<label for=\"username\">T\u00ean t\u00e0i kho\u1ea3n ho\u1eb7c \u0111\u1ecba ch\u1ec9 email&nbsp;<span class=\"required\">*<\/span><\/label>\n\t\t\t\t\t\t<input type=\"text\" class=\"woocommerce-Input woocommerce-Input--text input-text\" name=\"username\" id=\"username\" autocomplete=\"username\" value=\"\" \/>\t\t\t\t\t<\/p>\n\t\t\t\t\t<p class=\"woocommerce-form-row woocommerce-form-row--wide form-row form-row-wide\">\n\t\t\t\t\t\t<label for=\"password\">M\u1eadt kh\u1ea9u&nbsp;<span class=\"required\">*<\/span><\/label>\n\t\t\t\t\t\t<input class=\"woocommerce-Input woocommerce-Input--text input-text\" type=\"password\" name=\"password\" id=\"password\" autocomplete=\"current-password\" \/>\n\t\t\t\t\t<\/p>\n\n\t\t\t\t\t\n\t\t\t\t\t<p class=\"form-row\">\n\t\t\t\t\t\t<label class=\"woocommerce-form__label woocommerce-form__label-for-checkbox woocommerce-form-login__rememberme\">\n\t\t\t\t\t\t\t<input class=\"woocommerce-form__input woocommerce-form__input-checkbox\" name=\"rememberme\" type=\"checkbox\" id=\"rememberme\" value=\"forever\" \/> <span>Ghi nh\u1edb m\u1eadt kh\u1ea9u<\/span>\n\t\t\t\t\t\t<\/label>\n\t\t\t\t\t\t<input type=\"hidden\" id=\"woocommerce-login-nonce\" name=\"woocommerce-login-nonce\" value=\"ab884d169b\" \/><input type=\"hidden\" name=\"_wp_http_referer\" value=\"\/index.php?rest_route=%2Fwp%2Fv2%2Fpages%2F32\" \/>\t\t\t\t\t\t<button type=\"submit\" class=\"woocommerce-button button woocommerce-form-login__submit\" name=\"login\" value=\"\u0110\u0103ng nh\u1eadp\">\u0110\u0103ng nh\u1eadp<\/button>\n\t\t\t\t\t<\/p>\n\t\t\t\t\t<p class=\"woocommerce-LostPassword lost_password\">\n\t\t\t\t\t\t<a href=\"https:\/\/webpkbida.vidoweb.vn\/?page_id=32&#038;lost-password\">Qu\u00ean m\u1eadt kh\u1ea9u?<\/a>\n\t\t\t\t\t<\/p>\n\n\t\t\t\t\t\n\t\t\t\t<\/form>\n\t\t\t<\/div>\n\n\t\t\t\n<\/div>\n\n<\/div>\n","protected":false},"excerpt":{"rendered":"","protected":false},"author":1,"featured_media":0,"parent":0,"menu_order":0,"comment_status":"closed","ping_status":"closed","template":"","meta":{"footnotes":""},"class_list":["post-32","page","type-page","status-publish","hentry"],"yoast_head":"<!-- This site is optimized with the Yoast SEO plugin v25.7 - https:\/\/yoast.com\/wordpress\/plugins\/seo\/ -->\n<title>T\u00e0i kho\u1ea3n - Bida Tr\u1ea7n Ch\u00e2n<\/title>\n<meta name=\"robots\" content=\"noindex, follow, max-snippet:-1, max-image-preview:large, max-video-preview:-1\" \/>\n<meta property=\"og:locale\" content=\"vi_VN\" \/>\n<meta property=\"og:type\" content=\"article\" \/>\n<meta property=\"og:title\" content=\"T\u00e0i kho\u1ea3n - Bida Tr\u1ea7n Ch\u00e2n\" \/>\n<meta property=\"og:url\" content=\"https:\/\/webpkbida.vidoweb.vn\/?page_id=32\" \/>\n<meta property=\"og:site_name\" content=\"Bida Tr\u1ea7n Ch\u00e2n\" \/>\n<meta property=\"article:publisher\" content=\"https:\/\/www.facebook.com\/phukienbidaTranChan\/\" \/>\n<meta name=\"twitter:card\" content=\"summary_large_image\" \/>\n<script type=\"application\/ld+json\" class=\"yoast-schema-graph\">{\"@context\":\"https:\/\/schema.org\",\"@graph\":[{\"@type\":\"WebPage\",\"@id\":\"https:\/\/webpkbida.vidoweb.vn\/?page_id=32\",\"url\":\"https:\/\/webpkbida.vidoweb.vn\/?page_id=32\",\"name\":\"T\u00e0i kho\u1ea3n - Bida Tr\u1ea7n Ch\u00e2n\",\"isPartOf\":{\"@id\":\"https:\/\/webpkbida.vidoweb.vn\/#website\"},\"datePublished\":\"2019-06-17T08:38:13+00:00\",\"breadcrumb\":{\"@id\":\"https:\/\/webpkbida.vidoweb.vn\/?page_id=32#breadcrumb\"},\"inLanguage\":\"vi\",\"potentialAction\":[{\"@type\":\"ReadAction\",\"target\":[\"https:\/\/webpkbida.vidoweb.vn\/?page_id=32\"]}]},{\"@type\":\"BreadcrumbList\",\"@id\":\"https:\/\/webpkbida.vidoweb.vn\/?page_id=32#breadcrumb\",\"itemListElement\":[{\"@type\":\"ListItem\",\"position\":1,\"name\":\"Trang ch\u1ee7\",\"item\":\"https:\/\/webpkbida.vidoweb.vn\/\"},{\"@type\":\"ListItem\",\"position\":2,\"name\":\"T\u00e0i kho\u1ea3n\"}]},{\"@type\":\"WebSite\",\"@id\":\"https:\/\/webpkbida.vidoweb.vn\/#website\",\"url\":\"https:\/\/webpkbida.vidoweb.vn\/\",\"name\":\"Bida Tr\u1ea7n Ch\u00e2n\",\"description\":\"Chuy\u00ean Mua B\u00e1n Ph\u1ee5 Ki\u1ec7n Bida Ch\u1ea5t L\u01b0\u1ee3ng\",\"potentialAction\":[{\"@type\":\"SearchAction\",\"target\":{\"@type\":\"EntryPoint\",\"urlTemplate\":\"https:\/\/webpkbida.vidoweb.vn\/?s={search_term_string}\"},\"query-input\":{\"@type\":\"PropertyValueSpecification\",\"valueRequired\":true,\"valueName\":\"search_term_string\"}}],\"inLanguage\":\"vi\"}]}<\/script>\n<!-- \/ Yoast SEO plugin. -->","yoast_head_json":{"title":"T\u00e0i kho\u1ea3n - Bida Tr\u1ea7n Ch\u00e2n","robots":{"index":"noindex","follow":"follow","max-snippet":"max-snippet:-1","max-image-preview":"max-image-preview:large","max-video-preview":"max-video-preview:-1"},"og_locale":"vi_VN","og_type":"article","og_title":"T\u00e0i kho\u1ea3n - Bida Tr\u1ea7n Ch\u00e2n","og_url":"https:\/\/webpkbida.vidoweb.vn\/?page_id=32","og_site_name":"Bida Tr\u1ea7n Ch\u00e2n","article_publisher":"https:\/\/www.facebook.com\/phukienbidaTranChan\/","twitter_card":"summary_large_image","schema":{"@context":"https:\/\/schema.org","@graph":[{"@type":"WebPage","@id":"https:\/\/webpkbida.vidoweb.vn\/?page_id=32","url":"https:\/\/webpkbida.vidoweb.vn\/?page_id=32","name":"T\u00e0i kho\u1ea3n - Bida Tr\u1ea7n Ch\u00e2n","isPartOf":{"@id":"https:\/\/webpkbida.vidoweb.vn\/#website"},"datePublished":"2019-06-17T08:38:13+00:00","breadcrumb":{"@id":"https:\/\/webpkbida.vidoweb.vn\/?page_id=32#breadcrumb"},"inLanguage":"vi","potentialAction":[{"@type":"ReadAction","target":["https:\/\/webpkbida.vidoweb.vn\/?page_id=32"]}]},{"@type":"BreadcrumbList","@id":"https:\/\/webpkbida.vidoweb.vn\/?page_id=32#breadcrumb","itemListElement":[{"@type":"ListItem","position":1,"name":"Trang ch\u1ee7","item":"https:\/\/webpkbida.vidoweb.vn\/"},{"@type":"ListItem","position":2,"name":"T\u00e0i kho\u1ea3n"}]},{"@type":"WebSite","@id":"https:\/\/webpkbida.vidoweb.vn\/#website","url":"https:\/\/webpkbida.vidoweb.vn\/","name":"Bida Tr\u1ea7n Ch\u00e2n","description":"Chuy\u00ean Mua B\u00e1n Ph\u1ee5 Ki\u1ec7n Bida Ch\u1ea5t L\u01b0\u1ee3ng","potentialAction":[{"@type":"SearchAction","target":{"@type":"EntryPoint","urlTemplate":"https:\/\/webpkbida.vidoweb.vn\/?s={search_term_string}"},"query-input":{"@type":"PropertyValueSpecification","valueRequired":true,"valueName":"search_term_string"}}],"inLanguage":"vi"}]}},"_links":{"self":[{"href":"https:\/\/webpkbida.vidoweb.vn\/index.php?rest_route=\/wp\/v2\/pages\/32","targetHints":{"allow":["GET"]}}],"collection":[{"href":"https:\/\/webpkbida.vidoweb.vn\/index.php?rest_route=\/wp\/v2\/pages"}],"about":[{"href":"https:\/\/webpkbida.vidoweb.vn\/index.php?rest_route=\/wp\/v2\/types\/page"}],"author":[{"embeddable":true,"href":"https:\/\/webpkbida.vidoweb.vn\/index.php?rest_route=\/wp\/v2\/users\/1"}],"replies":[{"embeddable":true,"href":"https:\/\/webpkbida.vidoweb.vn\/index.php?rest_route=%2Fwp%2Fv2%2Fcomments&post=32"}],"version-history":[{"count":0,"href":"https:\/\/webpkbida.vidoweb.vn\/index.php?rest_route=\/wp\/v2\/pages\/32\/revisions"}],"wp:attachment":[{"href":"https:\/\/webpkbida.vidoweb.vn\/index.php?rest_route=%2Fwp%2Fv2%2Fmedia&parent=32"}],"curies":[{"name":"wp","href":"https:\/\/api.w.org\/{rel}","templated":true}]}}