{"id":679,"date":"2019-07-30T17:28:43","date_gmt":"2019-07-30T10:28:43","guid":{"rendered":"https:\/\/ghevanphong.khowebseotop.vn\/?page_id=679"},"modified":"2020-05-10T00:18:16","modified_gmt":"2020-05-09T17:18:16","slug":"lien-he","status":"publish","type":"page","link":"https:\/\/webpkbida.vidoweb.vn\/?page_id=679","title":{"rendered":"Li\u00ean h\u1ec7"},"content":{"rendered":"\t<section class=\"section dark\" id=\"section_1117217997\">\n\t\t<div class=\"bg section-bg fill bg-fill  \" >\n\n\t\t\t\n\t\t\t<div class=\"section-bg-overlay absolute fill\"><\/div>\n\t\t\t\n\n\t\t<\/div>\n\n\t\t\n\n\t\t<div class=\"section-content relative\">\n\t\t\t\n<div class=\"row\"  id=\"row-1742514084\">\n\n\t<div id=\"col-2013655541\" class=\"col small-12 large-12\"  >\n\t\t\t\t<div class=\"col-inner text-center\"  >\n\t\t\t\n\t\t\t\n<h2 style=\"font-size:200%;\">LI\u00caN H\u1ec6 V\u1edaI CH\u00daNG T\u00d4I<\/h2>\n<p>Email: email@gmail.com<br \/>\n| \u0110i\u1ec7n tho\u1ea1i: 0999.999.999<\/p>\n\t\t<\/div>\n\t\t\t\t\n<style>\n#col-2013655541 > .col-inner {\n  padding: 20px 0px 0px 0px;\n}\n<\/style>\n\t<\/div>\n\n\t\n<\/div>\n\t\t<\/div>\n\n\t\t\n<style>\n#section_1117217997 {\n  padding-top: 144px;\n  padding-bottom: 144px;\n  background-color: rgba(40, 40, 40, 0.06);\n}\n#section_1117217997 .section-bg-overlay {\n  background-color: rgba(0, 0, 0, 0.3);\n}\n#section_1117217997 .section-bg.bg-loaded {\n  background-image: url(https:\/\/webpkbida.vidoweb.vn\/wp-content\/uploads\/2020\/03\/bida1.jpg);\n}\n#section_1117217997 .section-bg {\n  background-position: 48% 50%;\n}\n#section_1117217997 .ux-shape-divider--top svg {\n  height: 150px;\n  --divider-top-width: 100%;\n}\n#section_1117217997 .ux-shape-divider--bottom svg {\n  height: 150px;\n  --divider-width: 100%;\n}\n<\/style>\n\t<\/section>\n\t\n\t<section class=\"section\" id=\"section_1729982261\">\n\t\t<div class=\"bg section-bg fill bg-fill  bg-loaded\" >\n\n\t\t\t\n\t\t\t\n\t\t\t\n\n\t\t<\/div>\n\n\t\t\n\n\t\t<div class=\"section-content relative\">\n\t\t\t\n<div class=\"row\"  id=\"row-1111792291\">\n\n\t<div id=\"col-1228299744\" class=\"col small-12 large-12\"  >\n\t\t\t\t<div class=\"col-inner\"  >\n\t\t\t\n\t\t\t\n<div class=\"row align-equal\"  id=\"row-139976889\">\n\n\t<div id=\"col-2049607916\" class=\"col medium-6 small-12 large-6\"  >\n\t\t\t\t<div class=\"col-inner text-center\"  >\n\t\t\t\n\t\t\t\n\n\t\t<div class=\"icon-box featured-box icon-box-center text-center\"  >\n\t\t\t\t\t<div class=\"icon-box-img\" style=\"width: 60px\">\n\t\t\t\t<div class=\"icon\">\n\t\t\t\t\t<div class=\"icon-inner\" >\n\t\t\t\t\t\t<img loading=\"lazy\" decoding=\"async\" width=\"300\" height=\"300\" src=\"https:\/\/webpkbida.vidoweb.vn\/wp-content\/uploads\/2020\/03\/contact-page-for-flatsome-wordpress-theme-pointed-icon-phone-300x300.png\" class=\"attachment-medium size-medium\" alt=\"\" srcset=\"https:\/\/webpkbida.vidoweb.vn\/wp-content\/uploads\/2020\/03\/contact-page-for-flatsome-wordpress-theme-pointed-icon-phone-300x300.png 300w, https:\/\/webpkbida.vidoweb.vn\/wp-content\/uploads\/2020\/03\/contact-page-for-flatsome-wordpress-theme-pointed-icon-phone-100x100.png 100w, https:\/\/webpkbida.vidoweb.vn\/wp-content\/uploads\/2020\/03\/contact-page-for-flatsome-wordpress-theme-pointed-icon-phone-510x510.png 510w, https:\/\/webpkbida.vidoweb.vn\/wp-content\/uploads\/2020\/03\/contact-page-for-flatsome-wordpress-theme-pointed-icon-phone-150x150.png 150w, https:\/\/webpkbida.vidoweb.vn\/wp-content\/uploads\/2020\/03\/contact-page-for-flatsome-wordpress-theme-pointed-icon-phone.png 512w\" sizes=\"auto, (max-width: 300px) 100vw, 300px\" \/>\t\t\t\t\t<\/div>\n\t\t\t\t<\/div>\n\t\t\t<\/div>\n\t\t\t\t<div class=\"icon-box-text last-reset\">\n\t\t\t\t\t\t\t\t\t\n<h4>G\u1eccI NGAY CHO BIDA TR\u1ea6N CH\u00c2N<\/h4>\n<p>H\u1ed7 tr\u1ee3 t\u01b0 v\u1ea5n tr\u1ef1c ti\u1ebfp, b\u00e1o gi\u00e1 nhanh ch\u00f3ng qua hotline<\/p>\n\t<div id=\"gap-1018241014\" class=\"gap-element clearfix\" style=\"display:block; height:auto;\">\n\t\t\n<style>\n#gap-1018241014 {\n  padding-top: 20px;\n}\n<\/style>\n\t<\/div>\n\t\n<a data-animate=\"bounceIn\" href=\"#\" target=\"_self\" class=\"button secondary\"  >\n  <i class=\"icon-phone\" aria-hidden=\"true\" ><\/i>  <span>0999.999.999<\/span>\n  <\/a>\n\n\t\t<\/div>\n\t<\/div>\n\t\n\t\n\t\t<\/div>\n\t\t\t\t\t<\/div>\n\n\t\n\n\t<div id=\"col-24100861\" class=\"col medium-6 small-12 large-6\"  >\n\t\t\t\t<div class=\"col-inner text-center\"  >\n\t\t\t\n\t\t\t\n\n\t\t<div class=\"icon-box featured-box icon-box-center text-center\"  >\n\t\t\t\t\t<div class=\"icon-box-img\" style=\"width: 60px\">\n\t\t\t\t<div class=\"icon\">\n\t\t\t\t\t<div class=\"icon-inner\" >\n\t\t\t\t\t\t<img loading=\"lazy\" decoding=\"async\" width=\"300\" height=\"300\" src=\"https:\/\/webpkbida.vidoweb.vn\/wp-content\/uploads\/2020\/03\/contact-page-for-flatsome-wordpress-theme-pointed-icon-chat-300x300.png\" class=\"attachment-medium size-medium\" alt=\"\" srcset=\"https:\/\/webpkbida.vidoweb.vn\/wp-content\/uploads\/2020\/03\/contact-page-for-flatsome-wordpress-theme-pointed-icon-chat-300x300.png 300w, https:\/\/webpkbida.vidoweb.vn\/wp-content\/uploads\/2020\/03\/contact-page-for-flatsome-wordpress-theme-pointed-icon-chat-100x100.png 100w, https:\/\/webpkbida.vidoweb.vn\/wp-content\/uploads\/2020\/03\/contact-page-for-flatsome-wordpress-theme-pointed-icon-chat-510x510.png 510w, https:\/\/webpkbida.vidoweb.vn\/wp-content\/uploads\/2020\/03\/contact-page-for-flatsome-wordpress-theme-pointed-icon-chat-150x150.png 150w, https:\/\/webpkbida.vidoweb.vn\/wp-content\/uploads\/2020\/03\/contact-page-for-flatsome-wordpress-theme-pointed-icon-chat.png 512w\" sizes=\"auto, (max-width: 300px) 100vw, 300px\" \/>\t\t\t\t\t<\/div>\n\t\t\t\t<\/div>\n\t\t\t<\/div>\n\t\t\t\t<div class=\"icon-box-text last-reset\">\n\t\t\t\t\t\t\t\t\t\n<h4>NH\u1eaeN TIN ZALO CHO BIDA TR\u1ea6N CH\u00c2N<\/h4>\n<p>H\u1ed7 tr\u1ee3 gi\u1ea3i \u0111\u00e1p t\u1ee9c th\u00ec c\u00e1c y\u00eau c\u1ea7u c\u1ee7a b\u1ea1n<\/p>\n\t<div id=\"gap-1920214088\" class=\"gap-element clearfix\" style=\"display:block; height:auto;\">\n\t\t\n<style>\n#gap-1920214088 {\n  padding-top: 20px;\n}\n<\/style>\n\t<\/div>\n\t\n\t\t<\/div>\n\t<\/div>\n\t\n\t\n<a data-animate=\"bounceIn\" href=\"#\" target=\"_self\" class=\"button secondary\"  >\n  <i class=\"icon-user-o\" aria-hidden=\"true\" ><\/i>  <span>Nh\u1eafn tin Zalo Ngay<\/span>\n  <\/a>\n\n\t\t<\/div>\n\t\t\t\t\t<\/div>\n\n\t\n\n\t<div id=\"col-378169521\" class=\"col small-12 large-12\"  >\n\t\t\t\t<div class=\"col-inner text-left\"  >\n\t\t\t\n\t\t\t\n<h4>131 T\u00e2n S\u01a1n, Ph\u01b0\u1eddng 15, Qu\u1eadn T\u00e2n B\u00ecnh, Tp. H\u1ed3 Ch\u00ed Minh<\/h4>\n<p><iframe loading=\"lazy\" src=\"https:\/\/www.google.com\/maps\/embed?pb=!1m18!1m12!1m3!1d3918.7657426993433!2d106.64158365824073!3d10.829230902674938!2m3!1f0!2f0!3f0!3m2!1i1024!2i768!4f13.1!3m3!1m2!1s0x31752977274cda75%3A0xd6d12fa13ebc056d!2zMTMxIFTDom4gU8ahbiwgUGjGsOG7nW5nIDE1LCBHw7IgVuG6pXAsIEjhu5MgQ2jDrSBNaW5oLCBWaeG7h3QgTmFt!5e0!3m2!1svi!2s!4v1584462317629!5m2!1svi!2s\" width=\"100%\" height=\"450\" frameborder=\"0\" style=\"border:0;\" allowfullscreen=\"\" aria-hidden=\"false\" tabindex=\"0\"><\/iframe><\/p>\n\t\t<\/div>\n\t\t\t\t\t<\/div>\n\n\t\n\n<style>\n#row-139976889 > .col > .col-inner {\n  padding: 40px 40px 40px 40px;\n  background-color: rgb(255,255,255);\n}\n<\/style>\n<\/div>\n\t\t<\/div>\n\t\t\t\t\n<style>\n#col-1228299744 > .col-inner {\n  margin: -100px 0px 0px 0px;\n}\n<\/style>\n\t<\/div>\n\n\t\n<\/div>\n\t\t<\/div>\n\n\t\t\n<style>\n#section_1729982261 {\n  padding-top: 30px;\n  padding-bottom: 30px;\n  background-color: rgb(244, 244, 244);\n}\n#section_1729982261 .ux-shape-divider--top svg {\n  height: 150px;\n  --divider-top-width: 100%;\n}\n#section_1729982261 .ux-shape-divider--bottom svg {\n  height: 150px;\n  --divider-width: 100%;\n}\n<\/style>\n\t<\/section>\n\t\n","protected":false},"excerpt":{"rendered":"","protected":false},"author":1,"featured_media":0,"parent":0,"menu_order":0,"comment_status":"closed","ping_status":"closed","template":"page-blank.php","meta":{"footnotes":""},"class_list":["post-679","page","type-page","status-publish","hentry"],"yoast_head":"<!-- This site is optimized with the Yoast SEO plugin v25.7 - https:\/\/yoast.com\/wordpress\/plugins\/seo\/ -->\n<title>Li\u00ean h\u1ec7 - Bida Tr\u1ea7n Ch\u00e2n<\/title>\n<meta name=\"robots\" content=\"noindex, follow, max-snippet:-1, max-image-preview:large, max-video-preview:-1\" \/>\n<meta property=\"og:locale\" content=\"vi_VN\" \/>\n<meta property=\"og:type\" content=\"article\" \/>\n<meta property=\"og:title\" content=\"Li\u00ean h\u1ec7 - Bida Tr\u1ea7n Ch\u00e2n\" \/>\n<meta property=\"og:url\" content=\"https:\/\/webpkbida.vidoweb.vn\/?page_id=679\" \/>\n<meta property=\"og:site_name\" content=\"Bida Tr\u1ea7n Ch\u00e2n\" \/>\n<meta property=\"article:publisher\" content=\"https:\/\/www.facebook.com\/phukienbidaTranChan\/\" \/>\n<meta property=\"article:modified_time\" content=\"2020-05-09T17:18:16+00:00\" \/>\n<meta name=\"twitter:card\" content=\"summary_large_image\" \/>\n<meta name=\"twitter:label1\" content=\"\u01af\u1edbc t\u00ednh th\u1eddi gian \u0111\u1ecdc\" \/>\n\t<meta name=\"twitter:data1\" content=\"1 ph\u00fat\" \/>\n<script type=\"application\/ld+json\" class=\"yoast-schema-graph\">{\"@context\":\"https:\/\/schema.org\",\"@graph\":[{\"@type\":\"WebPage\",\"@id\":\"https:\/\/webpkbida.vidoweb.vn\/?page_id=679\",\"url\":\"https:\/\/webpkbida.vidoweb.vn\/?page_id=679\",\"name\":\"Li\u00ean h\u1ec7 - Bida Tr\u1ea7n Ch\u00e2n\",\"isPartOf\":{\"@id\":\"https:\/\/webpkbida.vidoweb.vn\/#website\"},\"datePublished\":\"2019-07-30T10:28:43+00:00\",\"dateModified\":\"2020-05-09T17:18:16+00:00\",\"breadcrumb\":{\"@id\":\"https:\/\/webpkbida.vidoweb.vn\/?page_id=679#breadcrumb\"},\"inLanguage\":\"vi\",\"potentialAction\":[{\"@type\":\"ReadAction\",\"target\":[\"https:\/\/webpkbida.vidoweb.vn\/?page_id=679\"]}]},{\"@type\":\"BreadcrumbList\",\"@id\":\"https:\/\/webpkbida.vidoweb.vn\/?page_id=679#breadcrumb\",\"itemListElement\":[{\"@type\":\"ListItem\",\"position\":1,\"name\":\"Trang ch\u1ee7\",\"item\":\"https:\/\/webpkbida.vidoweb.vn\/\"},{\"@type\":\"ListItem\",\"position\":2,\"name\":\"Li\u00ean h\u1ec7\"}]},{\"@type\":\"WebSite\",\"@id\":\"https:\/\/webpkbida.vidoweb.vn\/#website\",\"url\":\"https:\/\/webpkbida.vidoweb.vn\/\",\"name\":\"Bida Tr\u1ea7n Ch\u00e2n\",\"description\":\"Chuy\u00ean Mua B\u00e1n Ph\u1ee5 Ki\u1ec7n Bida Ch\u1ea5t L\u01b0\u1ee3ng\",\"potentialAction\":[{\"@type\":\"SearchAction\",\"target\":{\"@type\":\"EntryPoint\",\"urlTemplate\":\"https:\/\/webpkbida.vidoweb.vn\/?s={search_term_string}\"},\"query-input\":{\"@type\":\"PropertyValueSpecification\",\"valueRequired\":true,\"valueName\":\"search_term_string\"}}],\"inLanguage\":\"vi\"}]}<\/script>\n<!-- \/ Yoast SEO plugin. -->","yoast_head_json":{"title":"Li\u00ean h\u1ec7 - Bida Tr\u1ea7n Ch\u00e2n","robots":{"index":"noindex","follow":"follow","max-snippet":"max-snippet:-1","max-image-preview":"max-image-preview:large","max-video-preview":"max-video-preview:-1"},"og_locale":"vi_VN","og_type":"article","og_title":"Li\u00ean h\u1ec7 - Bida Tr\u1ea7n Ch\u00e2n","og_url":"https:\/\/webpkbida.vidoweb.vn\/?page_id=679","og_site_name":"Bida Tr\u1ea7n Ch\u00e2n","article_publisher":"https:\/\/www.facebook.com\/phukienbidaTranChan\/","article_modified_time":"2020-05-09T17:18:16+00:00","twitter_card":"summary_large_image","twitter_misc":{"\u01af\u1edbc t\u00ednh th\u1eddi gian \u0111\u1ecdc":"1 ph\u00fat"},"schema":{"@context":"https:\/\/schema.org","@graph":[{"@type":"WebPage","@id":"https:\/\/webpkbida.vidoweb.vn\/?page_id=679","url":"https:\/\/webpkbida.vidoweb.vn\/?page_id=679","name":"Li\u00ean h\u1ec7 - Bida Tr\u1ea7n Ch\u00e2n","isPartOf":{"@id":"https:\/\/webpkbida.vidoweb.vn\/#website"},"datePublished":"2019-07-30T10:28:43+00:00","dateModified":"2020-05-09T17:18:16+00:00","breadcrumb":{"@id":"https:\/\/webpkbida.vidoweb.vn\/?page_id=679#breadcrumb"},"inLanguage":"vi","potentialAction":[{"@type":"ReadAction","target":["https:\/\/webpkbida.vidoweb.vn\/?page_id=679"]}]},{"@type":"BreadcrumbList","@id":"https:\/\/webpkbida.vidoweb.vn\/?page_id=679#breadcrumb","itemListElement":[{"@type":"ListItem","position":1,"name":"Trang ch\u1ee7","item":"https:\/\/webpkbida.vidoweb.vn\/"},{"@type":"ListItem","position":2,"name":"Li\u00ean h\u1ec7"}]},{"@type":"WebSite","@id":"https:\/\/webpkbida.vidoweb.vn\/#website","url":"https:\/\/webpkbida.vidoweb.vn\/","name":"Bida Tr\u1ea7n Ch\u00e2n","description":"Chuy\u00ean Mua B\u00e1n Ph\u1ee5 Ki\u1ec7n Bida Ch\u1ea5t L\u01b0\u1ee3ng","potentialAction":[{"@type":"SearchAction","target":{"@type":"EntryPoint","urlTemplate":"https:\/\/webpkbida.vidoweb.vn\/?s={search_term_string}"},"query-input":{"@type":"PropertyValueSpecification","valueRequired":true,"valueName":"search_term_string"}}],"inLanguage":"vi"}]}},"_links":{"self":[{"href":"https:\/\/webpkbida.vidoweb.vn\/index.php?rest_route=\/wp\/v2\/pages\/679","targetHints":{"allow":["GET"]}}],"collection":[{"href":"https:\/\/webpkbida.vidoweb.vn\/index.php?rest_route=\/wp\/v2\/pages"}],"about":[{"href":"https:\/\/webpkbida.vidoweb.vn\/index.php?rest_route=\/wp\/v2\/types\/page"}],"author":[{"embeddable":true,"href":"https:\/\/webpkbida.vidoweb.vn\/index.php?rest_route=\/wp\/v2\/users\/1"}],"replies":[{"embeddable":true,"href":"https:\/\/webpkbida.vidoweb.vn\/index.php?rest_route=%2Fwp%2Fv2%2Fcomments&post=679"}],"version-history":[{"count":7,"href":"https:\/\/webpkbida.vidoweb.vn\/index.php?rest_route=\/wp\/v2\/pages\/679\/revisions"}],"predecessor-version":[{"id":1656,"href":"https:\/\/webpkbida.vidoweb.vn\/index.php?rest_route=\/wp\/v2\/pages\/679\/revisions\/1656"}],"wp:attachment":[{"href":"https:\/\/webpkbida.vidoweb.vn\/index.php?rest_route=%2Fwp%2Fv2%2Fmedia&parent=679"}],"curies":[{"name":"wp","href":"https:\/\/api.w.org\/{rel}","templated":true}]}}